{"id":9641,"date":"2024-03-06T15:48:53","date_gmt":"2024-03-06T18:48:53","guid":{"rendered":"https:\/\/pohigienico.com.br\/?post_type=product&#038;p=9641"},"modified":"2024-04-11T09:31:27","modified_gmt":"2024-04-11T12:31:27","slug":"easy-pet-house-1kg-limao","status":"publish","type":"product","link":"https:\/\/pohigienico.com.br\/index.php\/produto\/easy-pet-house-1kg-limao\/","title":{"rendered":"Easy Pet &#038; House 1kg (Lim\u00e3o)"},"content":{"rendered":"<div>\n<p><span class=\"font-body font-bold\">Resumo<\/span><\/p>\n<p class=\"my-6\">&#8211; Cont\u00e9m um perfume suavee e \u00e9 totalmente at\u00f3xico;<br \/>\n&#8211; Realiza a limpeza de forma pr\u00e1tica e higi\u00eanica e ajuda a preservar a natureza;<br \/>\n&#8211; Atua na elimina\u00e7\u00e3o de forma instant\u00e2nea dos odores.<\/p>\n<\/div>\n<div class=\"my-6\">Cod: 311156<\/div>\n<div class=\"my-6\">\n<p><span class=\"font-body font-bold\">Detalhes<\/span><\/p>\n<p class=\"my-6\">Pare agora de desperdice \u00e1gua e tempo na limpeza dos dejetos do seu Pet, use o\u00a0<strong>P\u00f3 Higi\u00eanico Easy Pet &amp; House Floral<\/strong>. Aplique por cima das fezes, urina ou v\u00f4mitos, o p\u00f3 absorve e seca a sujeira, evitando bact\u00e9rias ou v\u00edrus. Podendo ser aplicada nas bandejas, pois o p\u00f3 tem em sua formula\u00e7\u00e3o o poder de eliminar os maus odores, deixando o ambiente sempre limpo e perfumado.<\/p>\n<\/div>\n","protected":false},"excerpt":{"rendered":"<p><img loading=\"lazy\" decoding=\"async\" class=\"alignnone size-full wp-image-9637\" src=\"https:\/\/pohigienico.com.br\/wp-content\/uploads\/2024\/03\/des-1.png\" alt=\"\" width=\"300\" height=\"71\" srcset=\"https:\/\/pohigienico.com.br\/wp-content\/uploads\/2024\/03\/des-1.png 300w, https:\/\/pohigienico.com.br\/wp-content\/uploads\/2024\/03\/des-1-150x36.png 150w\" sizes=\"auto, (max-width: 300px) 100vw, 300px\" \/><\/p>\n","protected":false},"featured_media":9635,"comment_status":"open","ping_status":"closed","template":"","meta":[],"product_brand":[],"product_cat":[70],"product_tag":[],"class_list":{"0":"post-9641","1":"product","2":"type-product","3":"status-publish","4":"has-post-thumbnail","6":"product_cat-po-higienico","8":"first","9":"instock","10":"shipping-taxable","11":"product-type-simple"},"_links":{"self":[{"href":"https:\/\/pohigienico.com.br\/index.php\/wp-json\/wp\/v2\/product\/9641","targetHints":{"allow":["GET"]}}],"collection":[{"href":"https:\/\/pohigienico.com.br\/index.php\/wp-json\/wp\/v2\/product"}],"about":[{"href":"https:\/\/pohigienico.com.br\/index.php\/wp-json\/wp\/v2\/types\/product"}],"replies":[{"embeddable":true,"href":"https:\/\/pohigienico.com.br\/index.php\/wp-json\/wp\/v2\/comments?post=9641"}],"wp:featuredmedia":[{"embeddable":true,"href":"https:\/\/pohigienico.com.br\/index.php\/wp-json\/wp\/v2\/media\/9635"}],"wp:attachment":[{"href":"https:\/\/pohigienico.com.br\/index.php\/wp-json\/wp\/v2\/media?parent=9641"}],"wp:term":[{"taxonomy":"product_brand","embeddable":true,"href":"https:\/\/pohigienico.com.br\/index.php\/wp-json\/wp\/v2\/product_brand?post=9641"},{"taxonomy":"product_cat","embeddable":true,"href":"https:\/\/pohigienico.com.br\/index.php\/wp-json\/wp\/v2\/product_cat?post=9641"},{"taxonomy":"product_tag","embeddable":true,"href":"https:\/\/pohigienico.com.br\/index.php\/wp-json\/wp\/v2\/product_tag?post=9641"}],"curies":[{"name":"wp","href":"https:\/\/api.w.org\/{rel}","templated":true}]}}